{"id":37,"date":"2022-07-12T10:18:04","date_gmt":"2022-07-12T10:18:04","guid":{"rendered":"https:\/\/www.pkf-attest.es\/asesoramiento-legal-y-fiscal\/?page_id=37"},"modified":"2025-06-23T14:38:48","modified_gmt":"2025-06-23T14:38:48","slug":"servicios","status":"publish","type":"page","link":"https:\/\/www.pkf-attest.es\/asesoramiento-legal-y-fiscal\/servicios\/","title":{"rendered":"Servicios"},"content":{"rendered":"\n<div style=\"background-color:#0f3780;padding-left:5%;padding-right:5%;padding-bottom:8%;padding-top:9%\" class=\"wp-block-genesis-blocks-gb-container gb-layout-hero-1 gb-block-container alignfull\"><div class=\"gb-container-inside\"><div class=\"gb-container-image-wrap\"><img decoding=\"async\" class=\"gb-container-image has-background-dim-80 has-background-dim\" src=\"https:\/\/www.pkf-attest.es\/asesoramiento-legal-y-fiscal\/wp-content\/uploads\/sites\/5\/2022\/07\/derecho-societario2-scaled.jpg\" alt=\"derecho-societario servicio legal y fiscal\"\/><\/div><div class=\"gb-container-content\" style=\"max-width:850px\">\n<h2 class=\"wp-block-heading has-text-align-center gb-white-text has-text-color has-link-color wp-elements-d94f2a850ae89b5b35d59c3ae44b9a2b\" id=\"h-servicios\" style=\"color:#ffffff;font-size:50px\">Servicios<\/h2>\n<\/div><\/div><\/div>\n\n\n\n<div style=\"height:35px\" aria-hidden=\"true\" class=\"wp-block-spacer\"><\/div>\n\n\n\n<div class=\"wp-block-genesis-blocks-gb-columns gb-layout-columns-1 one-column gb-columns-center\" style=\"padding-right:40px;padding-left:40px\"><div class=\"gb-layout-column-wrap gb-block-layout-column-gap-2 gb-is-responsive-column\" style=\"max-width:1200px\">\n<div class=\"wp-block-genesis-blocks-gb-column gb-block-layout-column\"><div class=\"gb-block-layout-column-inner\"><div class=\"yoast-breadcrumbs\"><span><span><a href=\"https:\/\/www.pkf-attest.es\/asesoramiento-legal-y-fiscal\/\">Inicio<\/a><\/span> \u00bb <span class=\"breadcrumb_last\" aria-current=\"page\">Servicios<\/span><\/span><\/div><\/div><\/div>\n<\/div><\/div>\n\n\n\n<div class=\"wp-block-genesis-blocks-gb-columns gb-layout-columns-1 gb-1-col-equal gb-columns-center\" style=\"padding-right:40px;padding-left:40px\"><div class=\"gb-layout-column-wrap gb-block-layout-column-gap-2 gb-is-responsive-column\" style=\"max-width:1200px\">\n<div class=\"wp-block-genesis-blocks-gb-column gb-block-layout-column\"><div class=\"gb-block-layout-column-inner\">\n<p>En el \u00e1rea Legal y Fiscal de PKF Attest acompa\u00f1amos a nuestros clientes en aquellas cuestiones que sean de especial relevancia para sus negocios.<\/p>\n\n\n\n<p>Los profesionales de esta divisi\u00f3n est\u00e1n especializados en distintas pr\u00e1cticas y materias, principalmente orientadas al mundo de la empresa y profesionales de diversos sectores.<\/p>\n\n\n\n<p>Adem\u00e1s, al pertenecer a una firma multidisciplinar contamos con equipos y perfiles muy diversos que aportan calidad y mayor especializaci\u00f3n a los servicios ofrecidos a nuestros clientes.<\/p>\n<\/div><\/div>\n<\/div><\/div>\n\n\n\n<div class=\"wp-block-genesis-blocks-gb-columns gb-layout-columns-1 one-column gb-columns-center\" style=\"padding-right:20px;padding-left:20px\"><div class=\"gb-layout-column-wrap gb-block-layout-column-gap-2 gb-is-responsive-column\" style=\"max-width:1200px\">\n<div class=\"wp-block-genesis-blocks-gb-column gb-block-layout-column\"><div class=\"gb-block-layout-column-inner gb-has-custom-background-color\" style=\"background-color:#f1f1f1\">\n<figure class=\"wp-block-table tabla-legal-fiscal is-style-regular\"><table class=\"has-fixed-layout\"><tbody><tr><td><a href=\"https:\/\/www.pkf-attest.es\/asesoramiento-legal-y-fiscal\/servicios\/fiscalidad-corporativa\/\">Fiscalidad corporativa<\/a><\/td><td><a href=\"https:\/\/www.pkf-attest.es\/asesoramiento-legal-y-fiscal\/servicios\/derecho-laboral\/\">Derecho Laboral<\/a><\/td><\/tr><tr><td><a href=\"https:\/\/www.pkf-attest.es\/asesoramiento-legal-y-fiscal\/servicios\/asesoramiento-legal-y-fiscal-a-grandes-patrimonios\/\">Asesoramiento en el entorno empresarial<\/a><\/td><td><a href=\"https:\/\/www.pkf-attest.es\/asesoramiento-legal-y-fiscal\/servicios\/concursal\/\" target=\"_blank\" rel=\"noreferrer noopener\">Concursal<\/a><\/td><\/tr><tr><td><a href=\"https:\/\/www.pkf-attest.es\/asesoramiento-legal-y-fiscal\/servicios\/procedimientos-tributarios-e-inspecciones\/\">Procedimientos tributarios e inspecciones<\/a><\/td><td><a href=\"https:\/\/www.pkf-attest.es\/asesoramiento-legal-y-fiscal\/servicios\/entidades-sin-fines-lucrativos\/\">Entidades sin fines lucrativos<\/a><\/td><\/tr><tr><td><a href=\"https:\/\/www.pkf-attest.es\/asesoramiento-legal-y-fiscal\/servicios\/compliance-y-operaciones-vinculadas\/\">Compliance y Operaciones Vinculadas<\/a><\/td><td><a href=\"https:\/\/www.pkf-attest.es\/asesoramiento-legal-y-fiscal\/servicios\/derecho-societario\/\">Derecho Societario<\/a><\/td><\/tr><tr><td><a href=\"https:\/\/www.pkf-attest.es\/asesoramiento-legal-y-fiscal\/servicios\/transfer-pricing-ma-corporate\/\">Transfer Pricing M&amp;A\/Corporate<\/a><\/td><td><a href=\"https:\/\/www.pkf-attest.es\/asesoramiento-legal-y-fiscal\/servicios\/operaciones-corporativas-y-ma\/\">Operaciones Corporativas y M&amp;A<\/a><\/td><\/tr><tr><td><a href=\"https:\/\/www.pkf-attest.es\/asesoramiento-legal-y-fiscal\/servicios\/procedimientos-especial-en-precios-de-transferencia\/\">Procedimientos especiales en Precios de Transferencia<\/a><\/td><td><a href=\"https:\/\/www.pkf-attest.es\/asesoramiento-legal-y-fiscal\/servicios\/empresa-familiar\/\">Empresa Familiar y patrimonios<\/a><\/td><\/tr><tr><td><a href=\"https:\/\/www.pkf-attest.es\/asesoramiento-legal-y-fiscal\/servicios\/ligitacion-en-precios-de-transferencia\/\">Litigaci\u00f3n de Precios de Transferencia<\/a><\/td><td><a href=\"https:\/\/www.pkf-attest.es\/asesoramiento-legal-y-fiscal\/servicios\/litigacion\/\">Litigaci\u00f3n y contencioso<\/a><\/td><\/tr><tr><td><a href=\"https:\/\/www.pkf-attest.es\/asesoramiento-legal-y-fiscal\/servicios\/internacionalizacion-de-empresas\/\">Internacionalizaci\u00f3n de empresas<\/a><\/td><td><a href=\"https:\/\/www.pkf-attest.es\/asesoramiento-legal-y-fiscal\/servicios\/entidades-financieras-y-gestion-de-cobros\/\">Entidades financieras y gesti\u00f3n de cobros<\/a><\/td><\/tr><tr><td><a href=\"https:\/\/www.pkf-attest.es\/asesoramiento-legal-y-fiscal\/servicios\/derecho-deportivo\/\">Derecho deportivo<\/a><\/td><td><a href=\"https:\/\/www.pkf-attest.es\/asesoramiento-legal-y-fiscal\/servicios\/contratacion-civil-y-mercantil\/\">Derecho civil y mercantil<\/a><\/td><\/tr><tr><td><a href=\"https:\/\/www.pkf-attest.es\/asesoramiento-legal-y-fiscal\/servicios\/gestion-y-administracion-contable\/\">Gesti\u00f3n y administraci\u00f3n contable<\/a><\/td><td><a href=\"https:\/\/www.pkf-attest.es\/asesoramiento-legal-y-fiscal\/servicios\/laboral\/\">Laboral<\/a><\/td><\/tr><tr><td><a href=\"https:\/\/www.pkf-attest.es\/asesoramiento-legal-y-fiscal\/servicios\/expatriacion-de-trabajadores-y-directivos\/\">Expatriaci\u00f3n de trabajadores y directivos<\/a><\/td><td><a href=\"https:\/\/www.pkf-attest.es\/servicios\/consultoria\/regulacion-y-public-policy\/\">Regulaci\u00f3n &amp; Public Policy<br><\/a><\/td><\/tr><\/tbody><\/table><\/figure>\n<\/div><\/div>\n<\/div><\/div>\n\n\n\n<div style=\"height:35px\" aria-hidden=\"true\" class=\"wp-block-spacer\"><\/div>\n\n\n\n<div class=\"wp-block-genesis-blocks-gb-columns gb-layout-columns-1 one-column gb-columns-center\" style=\"padding-right:20px;padding-left:20px\"><div class=\"gb-layout-column-wrap gb-block-layout-column-gap-2 gb-is-responsive-column\" style=\"max-width:1200px\">\n<div class=\"wp-block-genesis-blocks-gb-column gb-block-layout-column\"><div class=\"gb-block-layout-column-inner\">\n<section id=\"\" class=\"bannerinterior-dcha\">\n<div class=\"container-left-img\" style=\"background-image: url(https:\/\/www.pkf-attest.es\/asesoramiento-legal-y-fiscal\/wp-content\/uploads\/sites\/5\/2022\/07\/pkf-attest-valor-anadido-2.jpg);\"><\/div>\n<div class=\"container-right\">\t\t\n\t<div class=\"content-right\">\n\t        <div class=\"content-right-color\" style=\"zoom: 1;color: #fff;\">\n                        <h2 class=\"title-right\" style=\"color:#ffffff\"><b>Nuestra propuesta de valor<\/b><\/strong><\/h2>\n                        <p class=\"text-right\" style=\"color:\">Los m\u00e1s de 30 a\u00f1os de experiencia acumulada nos permiten conocer y entender un entorno cada vez m\u00e1s complejo y regulado y ofrecer el mejor servicio personalizado a cada uno de nuestros clientes en base a sus necesidades espec\u00edficas.<\/p>\n                        <a  class=\"enlace-right\" style=\"color:\" href=\"\" target=\"\"><\/a>\n                <\/div>\n\t<\/div>\n\t<div class=\"container-right-bg\" style=\"background-color:#202945\"><\/div>\n<\/div>\n<\/section>\n\n<\/div><\/div>\n<\/div><\/div>\n\n\n\n<div style=\"height:54px\" aria-hidden=\"true\" class=\"wp-block-spacer\"><\/div>\n\n\n\n<div class=\"wp-block-genesis-blocks-gb-columns gb-layout-columns-1 gb-1-col-equal gb-has-custom-background-color gb-columns-center\" style=\"padding-top:50px;padding-right:40px;padding-bottom:40px;padding-left:40px;background-color:#f1f1f1\"><div class=\"gb-layout-column-wrap gb-block-layout-column-gap-2 gb-is-responsive-column\" style=\"max-width:1200px\">\n<div class=\"wp-block-genesis-blocks-gb-column gb-block-layout-column gb-is-vertically-aligned-center\"><div class=\"gb-block-layout-column-inner\">\n<h2 class=\"wp-block-heading has-text-align-center has-text-color\" id=\"h-contacta-con-nosotros\" style=\"color:#202945\">Contacta con nosotros<\/h2>\n\n\n\n<p class=\"has-text-align-center has-text-color\" style=\"color:#202945;font-size:16px\">Env\u00edanos tu consulta y nuestro equipo de expertos te atender\u00e1 a la mayor brevedad posible<\/p>\n\n\n\n<div class=\"wp-block-genesis-blocks-gb-columns gb-layout-columns-5 gb-5-col-equal gb-columns-center\"><div class=\"gb-layout-column-wrap gb-block-layout-column-gap-0 gb-is-responsive-column\" style=\"max-width:1200px\">\n<div class=\"wp-block-genesis-blocks-gb-column gb-block-layout-column\"><div class=\"gb-block-layout-column-inner\">\n<p><\/p>\n<\/div><\/div>\n\n\n\n<div class=\"wp-block-genesis-blocks-gb-column gb-block-layout-column\"><div class=\"gb-block-layout-column-inner\">\n<p><\/p>\n<\/div><\/div>\n\n\n\n<div class=\"wp-block-genesis-blocks-gb-column gb-block-layout-column\"><div class=\"gb-block-layout-column-inner\">\n<figure class=\"blockbuttom\">\n<div class=\"\">\n\t<a class=\"button\" style=\"color:#00b5e5; background-color:#202945; border-color:#202945;\" href=\"https:\/\/www.pkf-attest.es\/asesoramiento-legal-y-fiscal\/contacto\/\" target=\"_blank\">Contacta<\/a>\n<\/div>\n<\/figure>\n<\/div><\/div>\n\n\n\n<div class=\"wp-block-genesis-blocks-gb-column gb-block-layout-column\"><div class=\"gb-block-layout-column-inner\">\n<p><\/p>\n<\/div><\/div>\n\n\n\n<div class=\"wp-block-genesis-blocks-gb-column gb-block-layout-column\"><div class=\"gb-block-layout-column-inner\">\n<p><\/p>\n<\/div><\/div>\n<\/div><\/div>\n<\/div><\/div>\n<\/div><\/div>\n","protected":false},"excerpt":{"rendered":"","protected":false},"author":11,"featured_media":34,"parent":0,"menu_order":0,"comment_status":"closed","ping_status":"closed","template":"page-templates\/page-attest-legal-fiscal-servicios.php","meta":{"_acf_changed":false,"_genesis_hide_title":false,"_genesis_hide_breadcrumbs":false,"_genesis_hide_singular_image":false,"_genesis_hide_footer_widgets":false,"_genesis_custom_body_class":"","_genesis_custom_post_class":"","_genesis_layout":"","footnotes":""},"class_list":{"0":"post-37","1":"page","2":"type-page","3":"status-publish","4":"has-post-thumbnail","6":"entry"},"acf":[],"yoast_head":"<!-- This site is optimized with the Yoast SEO Premium plugin v27.3 (Yoast SEO v27.3) - https:\/\/yoast.com\/product\/yoast-seo-premium-wordpress\/ -->\n<title>Servicios - PKF Attest Asesoramiento legal y fiscal<\/title>\n<meta name=\"description\" content=\"Conoce todos nuestros servicios de asesoramiento legal y fiscal. Contamos con una amplia red de profesionales con amplia experiencia.\" \/>\n<meta name=\"robots\" content=\"index, follow, max-snippet:-1, max-image-preview:large, max-video-preview:-1\" \/>\n<link rel=\"canonical\" href=\"https:\/\/www.pkf-attest.es\/asesoramiento-legal-y-fiscal\/servicios\/\" \/>\n<meta property=\"og:locale\" content=\"es_ES\" \/>\n<meta property=\"og:type\" content=\"article\" \/>\n<meta property=\"og:title\" content=\"Servicios\" \/>\n<meta property=\"og:description\" content=\"Conoce todos nuestros servicios de asesoramiento legal y fiscal. Contamos con una amplia red de profesionales con amplia experiencia.\" \/>\n<meta property=\"og:url\" content=\"https:\/\/www.pkf-attest.es\/asesoramiento-legal-y-fiscal\/servicios\/\" \/>\n<meta property=\"og:site_name\" content=\"PKF Attest Asesoramiento legal y fiscal\" \/>\n<meta property=\"article:modified_time\" content=\"2025-06-23T14:38:48+00:00\" \/>\n<meta property=\"og:image\" content=\"https:\/\/www.pkf-attest.es\/asesoramiento-legal-y-fiscal\/wp-content\/uploads\/sites\/5\/2022\/07\/servicios-pkf-attest-legal-fiscal.jpg\" \/>\n\t<meta property=\"og:image:width\" content=\"2000\" \/>\n\t<meta property=\"og:image:height\" content=\"1046\" \/>\n\t<meta property=\"og:image:type\" content=\"image\/jpeg\" \/>\n<meta name=\"twitter:card\" content=\"summary_large_image\" \/>\n<meta name=\"twitter:label1\" content=\"Tiempo de lectura\" \/>\n\t<meta name=\"twitter:data1\" content=\"2 minutos\" \/>\n<script type=\"application\/ld+json\" class=\"yoast-schema-graph\">{\"@context\":\"https:\\\/\\\/schema.org\",\"@graph\":[{\"@type\":\"WebPage\",\"@id\":\"https:\\\/\\\/www.pkf-attest.es\\\/asesoramiento-legal-y-fiscal\\\/servicios\\\/\",\"url\":\"https:\\\/\\\/www.pkf-attest.es\\\/asesoramiento-legal-y-fiscal\\\/servicios\\\/\",\"name\":\"Servicios - PKF Attest Asesoramiento legal y fiscal\",\"isPartOf\":{\"@id\":\"https:\\\/\\\/www.pkf-attest.es\\\/asesoramiento-legal-y-fiscal\\\/#website\"},\"primaryImageOfPage\":{\"@id\":\"https:\\\/\\\/www.pkf-attest.es\\\/asesoramiento-legal-y-fiscal\\\/servicios\\\/#primaryimage\"},\"image\":{\"@id\":\"https:\\\/\\\/www.pkf-attest.es\\\/asesoramiento-legal-y-fiscal\\\/servicios\\\/#primaryimage\"},\"thumbnailUrl\":\"https:\\\/\\\/www.pkf-attest.es\\\/asesoramiento-legal-y-fiscal\\\/wp-content\\\/uploads\\\/sites\\\/5\\\/2022\\\/07\\\/servicios-pkf-attest-legal-fiscal.jpg\",\"datePublished\":\"2022-07-12T10:18:04+00:00\",\"dateModified\":\"2025-06-23T14:38:48+00:00\",\"description\":\"Conoce todos nuestros servicios de asesoramiento legal y fiscal. Contamos con una amplia red de profesionales con amplia experiencia.\",\"breadcrumb\":{\"@id\":\"https:\\\/\\\/www.pkf-attest.es\\\/asesoramiento-legal-y-fiscal\\\/servicios\\\/#breadcrumb\"},\"inLanguage\":\"es\",\"potentialAction\":[{\"@type\":\"ReadAction\",\"target\":[\"https:\\\/\\\/www.pkf-attest.es\\\/asesoramiento-legal-y-fiscal\\\/servicios\\\/\"]}]},{\"@type\":\"ImageObject\",\"inLanguage\":\"es\",\"@id\":\"https:\\\/\\\/www.pkf-attest.es\\\/asesoramiento-legal-y-fiscal\\\/servicios\\\/#primaryimage\",\"url\":\"https:\\\/\\\/www.pkf-attest.es\\\/asesoramiento-legal-y-fiscal\\\/wp-content\\\/uploads\\\/sites\\\/5\\\/2022\\\/07\\\/servicios-pkf-attest-legal-fiscal.jpg\",\"contentUrl\":\"https:\\\/\\\/www.pkf-attest.es\\\/asesoramiento-legal-y-fiscal\\\/wp-content\\\/uploads\\\/sites\\\/5\\\/2022\\\/07\\\/servicios-pkf-attest-legal-fiscal.jpg\",\"width\":2000,\"height\":1046,\"caption\":\"servicios legal y fiscal pkf attest\"},{\"@type\":\"BreadcrumbList\",\"@id\":\"https:\\\/\\\/www.pkf-attest.es\\\/asesoramiento-legal-y-fiscal\\\/servicios\\\/#breadcrumb\",\"itemListElement\":[{\"@type\":\"ListItem\",\"position\":1,\"name\":\"Inicio\",\"item\":\"https:\\\/\\\/www.pkf-attest.es\\\/asesoramiento-legal-y-fiscal\\\/\"},{\"@type\":\"ListItem\",\"position\":2,\"name\":\"Servicios\"}]},{\"@type\":\"WebSite\",\"@id\":\"https:\\\/\\\/www.pkf-attest.es\\\/asesoramiento-legal-y-fiscal\\\/#website\",\"url\":\"https:\\\/\\\/www.pkf-attest.es\\\/asesoramiento-legal-y-fiscal\\\/\",\"name\":\"PKF Attest Asesoramiento legal y fiscal\",\"description\":\"PKF Attest Asesoramiento legal y fiscal\",\"publisher\":{\"@id\":\"https:\\\/\\\/www.pkf-attest.es\\\/asesoramiento-legal-y-fiscal\\\/#organization\"},\"potentialAction\":[{\"@type\":\"SearchAction\",\"target\":{\"@type\":\"EntryPoint\",\"urlTemplate\":\"https:\\\/\\\/www.pkf-attest.es\\\/asesoramiento-legal-y-fiscal\\\/?s={search_term_string}\"},\"query-input\":{\"@type\":\"PropertyValueSpecification\",\"valueRequired\":true,\"valueName\":\"search_term_string\"}}],\"inLanguage\":\"es\"},{\"@type\":\"Organization\",\"@id\":\"https:\\\/\\\/www.pkf-attest.es\\\/asesoramiento-legal-y-fiscal\\\/#organization\",\"name\":\"Asesoramiento Legal y Fiscal PKF Attest\",\"url\":\"https:\\\/\\\/www.pkf-attest.es\\\/asesoramiento-legal-y-fiscal\\\/\",\"logo\":{\"@type\":\"ImageObject\",\"inLanguage\":\"es\",\"@id\":\"https:\\\/\\\/www.pkf-attest.es\\\/asesoramiento-legal-y-fiscal\\\/#\\\/schema\\\/logo\\\/image\\\/\",\"url\":\"https:\\\/\\\/www.pkf-attest.es\\\/asesoramiento-legal-y-fiscal\\\/wp-content\\\/uploads\\\/sites\\\/5\\\/2023\\\/12\\\/Logotipo_PKF-Attest-675x675-1.jpg\",\"contentUrl\":\"https:\\\/\\\/www.pkf-attest.es\\\/asesoramiento-legal-y-fiscal\\\/wp-content\\\/uploads\\\/sites\\\/5\\\/2023\\\/12\\\/Logotipo_PKF-Attest-675x675-1.jpg\",\"width\":675,\"height\":675,\"caption\":\"Asesoramiento Legal y Fiscal PKF Attest\"},\"image\":{\"@id\":\"https:\\\/\\\/www.pkf-attest.es\\\/asesoramiento-legal-y-fiscal\\\/#\\\/schema\\\/logo\\\/image\\\/\"}}]}<\/script>\n<!-- \/ Yoast SEO Premium plugin. -->","yoast_head_json":{"title":"Servicios - PKF Attest Asesoramiento legal y fiscal","description":"Conoce todos nuestros servicios de asesoramiento legal y fiscal. Contamos con una amplia red de profesionales con amplia experiencia.","robots":{"index":"index","follow":"follow","max-snippet":"max-snippet:-1","max-image-preview":"max-image-preview:large","max-video-preview":"max-video-preview:-1"},"canonical":"https:\/\/www.pkf-attest.es\/asesoramiento-legal-y-fiscal\/servicios\/","og_locale":"es_ES","og_type":"article","og_title":"Servicios","og_description":"Conoce todos nuestros servicios de asesoramiento legal y fiscal. Contamos con una amplia red de profesionales con amplia experiencia.","og_url":"https:\/\/www.pkf-attest.es\/asesoramiento-legal-y-fiscal\/servicios\/","og_site_name":"PKF Attest Asesoramiento legal y fiscal","article_modified_time":"2025-06-23T14:38:48+00:00","og_image":[{"width":2000,"height":1046,"url":"https:\/\/www.pkf-attest.es\/asesoramiento-legal-y-fiscal\/wp-content\/uploads\/sites\/5\/2022\/07\/servicios-pkf-attest-legal-fiscal.jpg","type":"image\/jpeg"}],"twitter_card":"summary_large_image","twitter_misc":{"Tiempo de lectura":"2 minutos"},"schema":{"@context":"https:\/\/schema.org","@graph":[{"@type":"WebPage","@id":"https:\/\/www.pkf-attest.es\/asesoramiento-legal-y-fiscal\/servicios\/","url":"https:\/\/www.pkf-attest.es\/asesoramiento-legal-y-fiscal\/servicios\/","name":"Servicios - PKF Attest Asesoramiento legal y fiscal","isPartOf":{"@id":"https:\/\/www.pkf-attest.es\/asesoramiento-legal-y-fiscal\/#website"},"primaryImageOfPage":{"@id":"https:\/\/www.pkf-attest.es\/asesoramiento-legal-y-fiscal\/servicios\/#primaryimage"},"image":{"@id":"https:\/\/www.pkf-attest.es\/asesoramiento-legal-y-fiscal\/servicios\/#primaryimage"},"thumbnailUrl":"https:\/\/www.pkf-attest.es\/asesoramiento-legal-y-fiscal\/wp-content\/uploads\/sites\/5\/2022\/07\/servicios-pkf-attest-legal-fiscal.jpg","datePublished":"2022-07-12T10:18:04+00:00","dateModified":"2025-06-23T14:38:48+00:00","description":"Conoce todos nuestros servicios de asesoramiento legal y fiscal. Contamos con una amplia red de profesionales con amplia experiencia.","breadcrumb":{"@id":"https:\/\/www.pkf-attest.es\/asesoramiento-legal-y-fiscal\/servicios\/#breadcrumb"},"inLanguage":"es","potentialAction":[{"@type":"ReadAction","target":["https:\/\/www.pkf-attest.es\/asesoramiento-legal-y-fiscal\/servicios\/"]}]},{"@type":"ImageObject","inLanguage":"es","@id":"https:\/\/www.pkf-attest.es\/asesoramiento-legal-y-fiscal\/servicios\/#primaryimage","url":"https:\/\/www.pkf-attest.es\/asesoramiento-legal-y-fiscal\/wp-content\/uploads\/sites\/5\/2022\/07\/servicios-pkf-attest-legal-fiscal.jpg","contentUrl":"https:\/\/www.pkf-attest.es\/asesoramiento-legal-y-fiscal\/wp-content\/uploads\/sites\/5\/2022\/07\/servicios-pkf-attest-legal-fiscal.jpg","width":2000,"height":1046,"caption":"servicios legal y fiscal pkf attest"},{"@type":"BreadcrumbList","@id":"https:\/\/www.pkf-attest.es\/asesoramiento-legal-y-fiscal\/servicios\/#breadcrumb","itemListElement":[{"@type":"ListItem","position":1,"name":"Inicio","item":"https:\/\/www.pkf-attest.es\/asesoramiento-legal-y-fiscal\/"},{"@type":"ListItem","position":2,"name":"Servicios"}]},{"@type":"WebSite","@id":"https:\/\/www.pkf-attest.es\/asesoramiento-legal-y-fiscal\/#website","url":"https:\/\/www.pkf-attest.es\/asesoramiento-legal-y-fiscal\/","name":"PKF Attest Asesoramiento legal y fiscal","description":"PKF Attest Asesoramiento legal y fiscal","publisher":{"@id":"https:\/\/www.pkf-attest.es\/asesoramiento-legal-y-fiscal\/#organization"},"potentialAction":[{"@type":"SearchAction","target":{"@type":"EntryPoint","urlTemplate":"https:\/\/www.pkf-attest.es\/asesoramiento-legal-y-fiscal\/?s={search_term_string}"},"query-input":{"@type":"PropertyValueSpecification","valueRequired":true,"valueName":"search_term_string"}}],"inLanguage":"es"},{"@type":"Organization","@id":"https:\/\/www.pkf-attest.es\/asesoramiento-legal-y-fiscal\/#organization","name":"Asesoramiento Legal y Fiscal PKF Attest","url":"https:\/\/www.pkf-attest.es\/asesoramiento-legal-y-fiscal\/","logo":{"@type":"ImageObject","inLanguage":"es","@id":"https:\/\/www.pkf-attest.es\/asesoramiento-legal-y-fiscal\/#\/schema\/logo\/image\/","url":"https:\/\/www.pkf-attest.es\/asesoramiento-legal-y-fiscal\/wp-content\/uploads\/sites\/5\/2023\/12\/Logotipo_PKF-Attest-675x675-1.jpg","contentUrl":"https:\/\/www.pkf-attest.es\/asesoramiento-legal-y-fiscal\/wp-content\/uploads\/sites\/5\/2023\/12\/Logotipo_PKF-Attest-675x675-1.jpg","width":675,"height":675,"caption":"Asesoramiento Legal y Fiscal PKF Attest"},"image":{"@id":"https:\/\/www.pkf-attest.es\/asesoramiento-legal-y-fiscal\/#\/schema\/logo\/image\/"}}]}},"featured_image_src":"https:\/\/www.pkf-attest.es\/asesoramiento-legal-y-fiscal\/wp-content\/uploads\/sites\/5\/2022\/07\/servicios-pkf-attest-legal-fiscal-600x400.jpg","featured_image_src_square":"https:\/\/www.pkf-attest.es\/asesoramiento-legal-y-fiscal\/wp-content\/uploads\/sites\/5\/2022\/07\/servicios-pkf-attest-legal-fiscal-600x600.jpg","_links":{"self":[{"href":"https:\/\/www.pkf-attest.es\/asesoramiento-legal-y-fiscal\/wp-json\/wp\/v2\/pages\/37","targetHints":{"allow":["GET"]}}],"collection":[{"href":"https:\/\/www.pkf-attest.es\/asesoramiento-legal-y-fiscal\/wp-json\/wp\/v2\/pages"}],"about":[{"href":"https:\/\/www.pkf-attest.es\/asesoramiento-legal-y-fiscal\/wp-json\/wp\/v2\/types\/page"}],"author":[{"embeddable":true,"href":"https:\/\/www.pkf-attest.es\/asesoramiento-legal-y-fiscal\/wp-json\/wp\/v2\/users\/11"}],"replies":[{"embeddable":true,"href":"https:\/\/www.pkf-attest.es\/asesoramiento-legal-y-fiscal\/wp-json\/wp\/v2\/comments?post=37"}],"version-history":[{"count":37,"href":"https:\/\/www.pkf-attest.es\/asesoramiento-legal-y-fiscal\/wp-json\/wp\/v2\/pages\/37\/revisions"}],"predecessor-version":[{"id":6556,"href":"https:\/\/www.pkf-attest.es\/asesoramiento-legal-y-fiscal\/wp-json\/wp\/v2\/pages\/37\/revisions\/6556"}],"wp:featuredmedia":[{"embeddable":true,"href":"https:\/\/www.pkf-attest.es\/asesoramiento-legal-y-fiscal\/wp-json\/wp\/v2\/media\/34"}],"wp:attachment":[{"href":"https:\/\/www.pkf-attest.es\/asesoramiento-legal-y-fiscal\/wp-json\/wp\/v2\/media?parent=37"}],"curies":[{"name":"wp","href":"https:\/\/api.w.org\/{rel}","templated":true}]}}