{"id":190,"date":"2022-07-05T01:24:05","date_gmt":"2022-07-05T01:24:05","guid":{"rendered":"https:\/\/www.pkf-attest.es\/auditoria-assurance\/?page_id=190"},"modified":"2024-05-27T14:56:43","modified_gmt":"2024-05-27T14:56:43","slug":"financial-advisory","status":"publish","type":"page","link":"https:\/\/www.pkf-attest.es\/auditoria-assurance\/servicios\/financial-advisory\/","title":{"rendered":"Servicios &#8211; Financial Advisory"},"content":{"rendered":"\n<div style=\"background-color:#0b0b0b;padding-left:5%;padding-right:5%;padding-bottom:8%;padding-top:10%\" class=\"wp-block-genesis-blocks-gb-container gb-layout-hero-1 gb-block-container alignfull\"><div class=\"gb-container-inside\"><div class=\"gb-container-image-wrap\"><img decoding=\"async\" class=\"gb-container-image has-background-dim-60 has-background-dim\" src=\"https:\/\/www.pkf-attest.es\/auditoria-assurance\/wp-content\/uploads\/sites\/4\/2022\/07\/auditoria-financial-advisory-valoraciones.jpg\" alt=\"\"\/><\/div><div class=\"gb-container-content\" style=\"max-width:850px\">\n<h2 class=\"wp-block-heading has-text-align-center gb-white-text has-text-color has-link-color wp-elements-4e7112fd552b294311836628254bef74\" id=\"h-financial-advisory\" style=\"color:#ffffff;font-size:50px\">Financial Advisory<\/h2>\n<\/div><\/div><\/div>\n\n\n\n<div style=\"height:30px\" aria-hidden=\"true\" class=\"wp-block-spacer\"><\/div>\n\n\n\n<div class=\"wp-block-genesis-blocks-gb-columns gb-layout-columns-2 gb-2-col-wideleft gb-columns-center\" style=\"padding-right:40px;padding-left:40px\"><div class=\"gb-layout-column-wrap gb-block-layout-column-gap-3 gb-is-responsive-column\" style=\"max-width:1280px\">\n<div class=\"wp-block-genesis-blocks-gb-column gb-block-layout-column\"><div class=\"gb-block-layout-column-inner\">\n<h2 class=\"wp-block-heading has-text-color\" id=\"h-financial-advisory\" style=\"color:#00b2e2\">Financial Advisory<\/h2>\n\n\n\n<p>La trayectoria de una empresa es el resultado de la gesti\u00f3n de su negocio, pero tambi\u00e9n de las decisiones financieras sobre las que se construya dicho negocio. Te ayudamos a que estas decisiones, bien desde el punto de vista de la direcci\u00f3n de la empresa, o bien como accionista de la misma, sean \u00f3ptimas y est\u00e9n debidamente soportadas.<\/p>\n\n\n\n<div style=\"height:10px\" aria-hidden=\"true\" class=\"wp-block-spacer\"><\/div>\n\n\n\n<div class=\"wp-block-genesis-blocks-gb-columns gb-layout-columns-3 gb-3-col-equal gb-columns-center\"><div class=\"gb-layout-column-wrap gb-block-layout-column-gap-2 gb-is-responsive-column\" style=\"max-width:1200px\">\n<div class=\"wp-block-genesis-blocks-gb-column gb-block-layout-column\"><div class=\"gb-block-layout-column-inner\">\n<figure class=\"\">\n<div class=\"icon-text\">\n<img decoding=\"async\" class=\"\" src=\"https:\/\/www.pkf-attest.es\/auditoria-assurance\/wp-content\/uploads\/sites\/4\/2022\/07\/servicios-financial-advisory-1.png\" alt=\"\">\n<span class=\"\"><a style=\"color:#00b5e5;\" href=\"https:\/\/www.pkf-attest.es\/financial-advisory\/valoracion-de-empresas\/\" target=\"\">Valoraciones<\/a><\/span>\n<\/div>\n<\/figure>\n<\/div><\/div>\n\n\n\n<div class=\"wp-block-genesis-blocks-gb-column gb-block-layout-column\"><div class=\"gb-block-layout-column-inner\">\n<figure class=\"\">\n<div class=\"icon-text\">\n<img decoding=\"async\" class=\"\" src=\"https:\/\/www.pkf-attest.es\/auditoria-assurance\/wp-content\/uploads\/sites\/4\/2022\/07\/servicios-financial-advisory-5.png\" alt=\"\">\n<span class=\"\"><a style=\"color:#00b5e5;\" href=\"https:\/\/www.pkf-attest.es\/financial-advisory\/transacciones\/\" target=\"\">Transacciones<\/a><\/span>\n<\/div>\n<\/figure>\n<\/div><\/div>\n\n\n\n<div class=\"wp-block-genesis-blocks-gb-column gb-block-layout-column\"><div class=\"gb-block-layout-column-inner\">\n<figure class=\"\">\n<div class=\"icon-text\">\n<img decoding=\"async\" class=\"\" src=\"https:\/\/www.pkf-attest.es\/auditoria-assurance\/wp-content\/uploads\/sites\/4\/2022\/07\/servicios-financial-advisory-2.png\" alt=\"\">\n<span class=\"\"><a style=\"color:#00b5e5;\" href=\"https:\/\/www.pkf-attest.es\/mercados-de-capitales\/\" target=\"\">Mercado de Capitales<\/a><\/span>\n<\/div>\n<\/figure>\n<\/div><\/div>\n<\/div><\/div>\n\n\n\n<div style=\"height:30px\" aria-hidden=\"true\" class=\"wp-block-spacer\"><\/div>\n\n\n\n<div class=\"wp-block-genesis-blocks-gb-columns gb-layout-columns-3 gb-3-col-equal gb-columns-center\"><div class=\"gb-layout-column-wrap gb-block-layout-column-gap-2 gb-is-responsive-column\" style=\"max-width:1200px\">\n<div class=\"wp-block-genesis-blocks-gb-column gb-block-layout-column\"><div class=\"gb-block-layout-column-inner\">\n<figure class=\"\">\n<div class=\"icon-text\">\n<img decoding=\"async\" class=\"\" src=\"https:\/\/www.pkf-attest.es\/auditoria-assurance\/wp-content\/uploads\/sites\/4\/2022\/07\/servicios-financial-advisory-3.png\" alt=\"\">\n<span class=\"\"><a style=\"color:#00b5e5;\" href=\"https:\/\/www.pkf-attest.es\/financial-advisory\/modelizacion-financiera\/\" target=\"\">Asesoramiento y Modelizaci\u00f3n Financiera<\/a><\/span>\n<\/div>\n<\/figure>\n<\/div><\/div>\n\n\n\n<div class=\"wp-block-genesis-blocks-gb-column gb-block-layout-column\"><div class=\"gb-block-layout-column-inner\">\n<figure class=\"\">\n<div class=\"icon-text\">\n<img decoding=\"async\" class=\"\" src=\"https:\/\/www.pkf-attest.es\/auditoria-assurance\/wp-content\/uploads\/sites\/4\/2022\/07\/servicios-financial-advisory-4.png\" alt=\"\">\n<span class=\"\"><a style=\"color:#00b5e5;\" href=\"https:\/\/www.pkf-attest.es\/financial-advisory\/contabilidad-analitica-y-de-gestion\/\" target=\"\">Contabilidad anal\u00edtica y de gesti\u00f3n<\/a><\/span>\n<\/div>\n<\/figure>\n<\/div><\/div>\n\n\n\n<div class=\"wp-block-genesis-blocks-gb-column gb-block-layout-column\"><div class=\"gb-block-layout-column-inner\">\n<figure class=\"\">\n<div class=\"icon-text\">\n<img decoding=\"async\" class=\"\" src=\"https:\/\/www.pkf-attest.es\/auditoria-assurance\/wp-content\/uploads\/sites\/4\/2022\/07\/servicios-financial-advisory-6.png\" alt=\"\">\n<span class=\"\"><a style=\"color:#00b5e5;\" href=\"https:\/\/www.pkf-attest.es\/concursal\/\" target=\"\">Concursal<\/a><\/span>\n<\/div>\n<\/figure>\n<\/div><\/div>\n<\/div><\/div>\n\n\n\n<div style=\"height:48px\" aria-hidden=\"true\" class=\"wp-block-spacer\"><\/div>\n\n\n\n<section id=\"\" class=\"bannerinterior-dcha\">\n<div class=\"container-left-img\" style=\"background-image: url(https:\/\/www.pkf-attest.es\/auditoria-assurance\/wp-content\/uploads\/sites\/4\/2022\/07\/pkf-attest-valor-anadido3.jpg);\"><\/div>\n<div class=\"container-right\">\t\t\n\t<div class=\"content-right\">\n\t        <div class=\"content-right-color\" style=\"zoom: 1;color: #fff;\">\n                        <h2 class=\"title-right\" style=\"color:#ffffff\"><b>Nuestra propuesta de valor<\/b><\/strong><\/h2>\n                        <p class=\"text-right\" style=\"color:\">El enfoque de nuestro servicio se basa en la rigurosidad e independencia de cada auditor\u00eda, apoy\u00e1ndonos para ello en la tecnolog\u00eda. La mejora de las funciones financieras y el entorno de control y cumplimiento de las empresas que conf\u00edan en nosotros es nuestra prioridad.<\/p>\n                        <a  class=\"enlace-right\" style=\"color:\" href=\"\" target=\"\"><\/a>\n                <\/div>\n\t<\/div>\n\t<div class=\"container-right-bg\" style=\"background-color:#00b5e5\"><\/div>\n<\/div>\n<\/section>\n\n<\/div><\/div>\n\n\n\n<div class=\"wp-block-genesis-blocks-gb-column gb-block-layout-column\"><div class=\"gb-block-layout-column-inner\"><div class=\"yoast-breadcrumbs\"><span><span><a href=\"https:\/\/www.pkf-attest.es\/auditoria-assurance\/\">Inicio<\/a><\/span> \u00bb <span><a href=\"https:\/\/www.pkf-attest.es\/auditoria-assurance\/servicios\/\">Servicios<\/a><\/span> \u00bb <span class=\"breadcrumb_last\" aria-current=\"page\">Servicios &#8211; Financial Advisory<\/span><\/span><\/div>\n\n\n<div style=\"height:30px\" aria-hidden=\"true\" class=\"wp-block-spacer\"><\/div>\n\n\n\r\n<div class=\"bd-content menuSidebar\">\r\n\t<div class=\"wp-block-genesis-blocks-gb-accordion gb-slate-accordion gb-block-accordion\">\r\n\t\t<details open=\"\">\r\n\t\t\t<summary class=\"gb-accordion-title\">Auditor\u00eda &amp; assurance<\/summary>\r\n\t\t\t<div class=\"gb-accordion-text\">\r\n\t\t\t\t<ul id=\"accordion\">\r\n\t\t\t\t\t<li class=\"noEstaActivo\" style=\"color:;\"><p><a href=\"https:\/\/www.pkf-attest.es\/auditoria-assurance\/servicios\/auditoria\/\">Auditor&iacute;a<\/a><\/p><\/li><li class=\"estaActivo\" style=\"color:;\"><p><a href=\"https:\/\/www.pkf-attest.es\/auditoria-assurance\/financial-advisory\/\">Financial Advisory<\/a><\/p><\/li><li class=\"noEstaActivo\" style=\"color:;\"><p style=\"padding-left: 40px\"><a href=\"https:\/\/www.pkf-attest.es\/financial-advisory\/valoracion-de-empresas\/\" target=\"_blank\" rel=\"noopener\">Valoraciones<\/a><\/p><\/li><li class=\"noEstaActivo\" style=\"color:;\"><p style=\"padding-left: 40px\"><a href=\"https:\/\/www.pkf-attest.es\/financial-advisory\/transacciones\/\" target=\"_blank\" rel=\"noopener\">Transacciones<\/a><\/p><\/li><li class=\"noEstaActivo\" style=\"color:;\"><p style=\"padding-left: 40px\"><a href=\"https:\/\/www.pkf-attest.es\/mercados-de-capitales\/\" target=\"_blank\" rel=\"noopener\">Mercado de capitales<\/a><\/p><\/li><li class=\"noEstaActivo\" style=\"color:;\"><p style=\"padding-left: 40px\"><a href=\"https:\/\/www.pkf-attest.es\/financial-advisory\/modelizacion-financiera\/\" target=\"_blank\" rel=\"noopener\">Asesoramiento y modelizaci&oacute;n financiera<\/a><\/p><\/li><li class=\"noEstaActivo\" style=\"color:;\"><p style=\"padding-left: 40px\"><a href=\"https:\/\/www.pkf-attest.es\/financial-advisory\/contabilidad-analitica-y-de-gestion\/\" target=\"_blank\" rel=\"noopener\">Contabilidad anal&iacute;tica y de gesti&oacute;n<\/a><\/p><\/li><li class=\"noEstaActivo\" style=\"color:;\"><p style=\"padding-left: 40px\"><a href=\"https:\/\/www.pkf-attest.es\/servicios\/concursal\/\" target=\"_blank\" rel=\"noopener\">Concursal<\/a><\/p><\/li><li class=\"noEstaActivo\" style=\"color:;\"><p><a href=\"https:\/\/www.pkf-attest.es\/auditoria-assurance\/servicios\/gobierno-riesgo-y-cumplimiento-grc\/\">Gobierno, Riesgo y Cumplimiento (GRC)<\/a><\/p><\/li><li class=\"noEstaActivo\" style=\"color:;\"><p><a href=\"https:\/\/www.pkf-attest.es\/auditoria-assurance\/forensic\/\">Forensic<\/a><\/p><\/li><li class=\"noEstaActivo\" style=\"color:;\"><\/li>\t\t\t\t<\/ul>\r\n\t\t\t<\/div>\r\n\t\t<\/details>\r\n\t<\/div>\r\n<\/div><\/div><\/div>\n<\/div><\/div>\n\n\n\n<div style=\"height:30px\" aria-hidden=\"true\" class=\"wp-block-spacer\"><\/div>\n\n\n\n<div class=\"wp-block-genesis-blocks-gb-columns gb-layout-columns-1 gb-1-col-equal gb-has-custom-background-color gb-columns-center\" style=\"padding-top:50px;padding-right:40px;padding-bottom:40px;padding-left:40px;background-color:#0f1c33\"><div class=\"gb-layout-column-wrap gb-block-layout-column-gap-2 gb-is-responsive-column\" style=\"max-width:1200px\">\n<div class=\"wp-block-genesis-blocks-gb-column gb-block-layout-column gb-is-vertically-aligned-center\"><div class=\"gb-block-layout-column-inner\">\n<h2 class=\"wp-block-heading has-text-align-center has-white-color has-text-color\" id=\"h-contacta-con-nosotros\">Contacta con nosotros<\/h2>\n\n\n\n<p class=\"has-text-align-center has-white-color has-text-color\" style=\"font-size:16px\">Env\u00edanos tu consulta y nuestro equipo de expertos te atender\u00e1 a la mayor brevedad posible<\/p>\n\n\n\n<div class=\"wp-block-genesis-blocks-gb-columns gb-layout-columns-5 gb-5-col-equal gb-columns-center\"><div class=\"gb-layout-column-wrap gb-block-layout-column-gap-0 gb-is-responsive-column\" style=\"max-width:1200px\">\n<div class=\"wp-block-genesis-blocks-gb-column gb-block-layout-column\"><div class=\"gb-block-layout-column-inner\">\n<p><\/p>\n<\/div><\/div>\n\n\n\n<div class=\"wp-block-genesis-blocks-gb-column gb-block-layout-column\"><div class=\"gb-block-layout-column-inner\">\n<p><\/p>\n<\/div><\/div>\n\n\n\n<div class=\"wp-block-genesis-blocks-gb-column gb-block-layout-column\"><div class=\"gb-block-layout-column-inner\">\n<figure class=\"blockbuttom\">\n<div class=\"\">\n\t<a class=\"button\" style=\"color:#202945; background-color:#00b5e5; border-color:#00b5e5;\" href=\"https:\/\/www.pkf-attest.es\/auditoria-assurance\/inicio\/contacto\/\" target=\"_blank\">Contacta<\/a>\n<\/div>\n<\/figure>\n<\/div><\/div>\n\n\n\n<div class=\"wp-block-genesis-blocks-gb-column gb-block-layout-column\"><div class=\"gb-block-layout-column-inner\">\n<p><\/p>\n<\/div><\/div>\n\n\n\n<div class=\"wp-block-genesis-blocks-gb-column gb-block-layout-column\"><div class=\"gb-block-layout-column-inner\">\n<p><\/p>\n<\/div><\/div>\n<\/div><\/div>\n<\/div><\/div>\n<\/div><\/div>\n\n\n\n<div class=\"wp-block-genesis-blocks-gb-columns gb-layout-columns-undefined\"><div class=\"gb-layout-column-wrap gb-block-layout-column-gap-2 gb-is-responsive-column\"><\/div><\/div>\n","protected":false},"excerpt":{"rendered":"","protected":false},"author":10,"featured_media":938,"parent":37,"menu_order":0,"comment_status":"closed","ping_status":"closed","template":"page-templates\/page-attest-ase-servicios.php","meta":{"_acf_changed":false,"_genesis_hide_title":false,"_genesis_hide_breadcrumbs":false,"_genesis_hide_singular_image":false,"_genesis_hide_footer_widgets":false,"_genesis_custom_body_class":"","_genesis_custom_post_class":"","_genesis_layout":"","footnotes":""},"class_list":{"0":"post-190","1":"page","2":"type-page","3":"status-publish","4":"has-post-thumbnail","6":"entry"},"acf":[],"yoast_head":"<!-- This site is optimized with the Yoast SEO Premium plugin v27.3 (Yoast SEO v27.3) - https:\/\/yoast.com\/product\/yoast-seo-premium-wordpress\/ -->\n<title>Financial Advisory - Auditoria &amp; Assurance - PKF Attest<\/title>\n<meta name=\"description\" content=\"Te ayudamos a que estas decisiones, bien desde el punto de vista de la direcci\u00f3n de la empresa, o bien como accionista de la misma.\" \/>\n<meta name=\"robots\" content=\"index, follow, max-snippet:-1, max-image-preview:large, max-video-preview:-1\" \/>\n<link rel=\"canonical\" href=\"https:\/\/www.pkf-attest.es\/auditoria-assurance\/servicios\/financial-advisory\/\" \/>\n<meta property=\"og:locale\" content=\"es_ES\" \/>\n<meta property=\"og:type\" content=\"article\" \/>\n<meta property=\"og:title\" content=\"Servicios - Financial Advisory\" \/>\n<meta property=\"og:description\" content=\"Te ayudamos a que estas decisiones, bien desde el punto de vista de la direcci\u00f3n de la empresa, o bien como accionista de la misma.\" \/>\n<meta property=\"og:url\" content=\"https:\/\/www.pkf-attest.es\/auditoria-assurance\/servicios\/financial-advisory\/\" \/>\n<meta property=\"og:site_name\" content=\"PKF Attest Auditoria &amp; assurance\" \/>\n<meta property=\"article:modified_time\" content=\"2024-05-27T14:56:43+00:00\" \/>\n<meta property=\"og:image\" content=\"https:\/\/www.pkf-attest.es\/auditoria-assurance\/wp-content\/uploads\/sites\/4\/2022\/10\/servicio-de-financial-advisory-pkf-attest.webp\" \/>\n\t<meta property=\"og:image:width\" content=\"776\" \/>\n\t<meta property=\"og:image:height\" content=\"354\" \/>\n\t<meta property=\"og:image:type\" content=\"image\/webp\" \/>\n<meta name=\"twitter:card\" content=\"summary_large_image\" \/>\n<meta name=\"twitter:label1\" content=\"Tiempo de lectura\" \/>\n\t<meta name=\"twitter:data1\" content=\"1 minuto\" \/>\n<script type=\"application\/ld+json\" class=\"yoast-schema-graph\">{\"@context\":\"https:\\\/\\\/schema.org\",\"@graph\":[{\"@type\":\"WebPage\",\"@id\":\"https:\\\/\\\/www.pkf-attest.es\\\/auditoria-assurance\\\/servicios\\\/financial-advisory\\\/\",\"url\":\"https:\\\/\\\/www.pkf-attest.es\\\/auditoria-assurance\\\/servicios\\\/financial-advisory\\\/\",\"name\":\"Financial Advisory - Auditoria & Assurance - PKF Attest\",\"isPartOf\":{\"@id\":\"https:\\\/\\\/www.pkf-attest.es\\\/auditoria-assurance\\\/#website\"},\"primaryImageOfPage\":{\"@id\":\"https:\\\/\\\/www.pkf-attest.es\\\/auditoria-assurance\\\/servicios\\\/financial-advisory\\\/#primaryimage\"},\"image\":{\"@id\":\"https:\\\/\\\/www.pkf-attest.es\\\/auditoria-assurance\\\/servicios\\\/financial-advisory\\\/#primaryimage\"},\"thumbnailUrl\":\"https:\\\/\\\/www.pkf-attest.es\\\/auditoria-assurance\\\/wp-content\\\/uploads\\\/sites\\\/4\\\/2022\\\/10\\\/servicio-de-financial-advisory-pkf-attest.webp\",\"datePublished\":\"2022-07-05T01:24:05+00:00\",\"dateModified\":\"2024-05-27T14:56:43+00:00\",\"description\":\"Te ayudamos a que estas decisiones, bien desde el punto de vista de la direcci\u00f3n de la empresa, o bien como accionista de la misma.\",\"breadcrumb\":{\"@id\":\"https:\\\/\\\/www.pkf-attest.es\\\/auditoria-assurance\\\/servicios\\\/financial-advisory\\\/#breadcrumb\"},\"inLanguage\":\"es\",\"potentialAction\":[{\"@type\":\"ReadAction\",\"target\":[\"https:\\\/\\\/www.pkf-attest.es\\\/auditoria-assurance\\\/servicios\\\/financial-advisory\\\/\"]}]},{\"@type\":\"ImageObject\",\"inLanguage\":\"es\",\"@id\":\"https:\\\/\\\/www.pkf-attest.es\\\/auditoria-assurance\\\/servicios\\\/financial-advisory\\\/#primaryimage\",\"url\":\"https:\\\/\\\/www.pkf-attest.es\\\/auditoria-assurance\\\/wp-content\\\/uploads\\\/sites\\\/4\\\/2022\\\/10\\\/servicio-de-financial-advisory-pkf-attest.webp\",\"contentUrl\":\"https:\\\/\\\/www.pkf-attest.es\\\/auditoria-assurance\\\/wp-content\\\/uploads\\\/sites\\\/4\\\/2022\\\/10\\\/servicio-de-financial-advisory-pkf-attest.webp\",\"width\":776,\"height\":354,\"caption\":\"servicio de financial advisory pkf attest\"},{\"@type\":\"BreadcrumbList\",\"@id\":\"https:\\\/\\\/www.pkf-attest.es\\\/auditoria-assurance\\\/servicios\\\/financial-advisory\\\/#breadcrumb\",\"itemListElement\":[{\"@type\":\"ListItem\",\"position\":1,\"name\":\"Inicio\",\"item\":\"https:\\\/\\\/www.pkf-attest.es\\\/auditoria-assurance\\\/\"},{\"@type\":\"ListItem\",\"position\":2,\"name\":\"Servicios\",\"item\":\"https:\\\/\\\/www.pkf-attest.es\\\/auditoria-assurance\\\/servicios\\\/\"},{\"@type\":\"ListItem\",\"position\":3,\"name\":\"Servicios &#8211; Financial Advisory\"}]},{\"@type\":\"WebSite\",\"@id\":\"https:\\\/\\\/www.pkf-attest.es\\\/auditoria-assurance\\\/#website\",\"url\":\"https:\\\/\\\/www.pkf-attest.es\\\/auditoria-assurance\\\/\",\"name\":\"PKF Attest Auditoria &amp; assurance\",\"description\":\"PKF Attest Auditoria &amp; assurance\",\"publisher\":{\"@id\":\"https:\\\/\\\/www.pkf-attest.es\\\/auditoria-assurance\\\/#organization\"},\"potentialAction\":[{\"@type\":\"SearchAction\",\"target\":{\"@type\":\"EntryPoint\",\"urlTemplate\":\"https:\\\/\\\/www.pkf-attest.es\\\/auditoria-assurance\\\/?s={search_term_string}\"},\"query-input\":{\"@type\":\"PropertyValueSpecification\",\"valueRequired\":true,\"valueName\":\"search_term_string\"}}],\"inLanguage\":\"es\"},{\"@type\":\"Organization\",\"@id\":\"https:\\\/\\\/www.pkf-attest.es\\\/auditoria-assurance\\\/#organization\",\"name\":\"PKF Attest Auditoria &amp; assurance\",\"url\":\"https:\\\/\\\/www.pkf-attest.es\\\/auditoria-assurance\\\/\",\"logo\":{\"@type\":\"ImageObject\",\"inLanguage\":\"es\",\"@id\":\"https:\\\/\\\/www.pkf-attest.es\\\/auditoria-assurance\\\/#\\\/schema\\\/logo\\\/image\\\/\",\"url\":\"https:\\\/\\\/www.pkf-attest.es\\\/auditoria-assurance\\\/wp-content\\\/uploads\\\/sites\\\/4\\\/2023\\\/12\\\/Logotipo_PKF-Attest-675x675-1.jpg\",\"contentUrl\":\"https:\\\/\\\/www.pkf-attest.es\\\/auditoria-assurance\\\/wp-content\\\/uploads\\\/sites\\\/4\\\/2023\\\/12\\\/Logotipo_PKF-Attest-675x675-1.jpg\",\"width\":675,\"height\":675,\"caption\":\"PKF Attest Auditoria &amp; assurance\"},\"image\":{\"@id\":\"https:\\\/\\\/www.pkf-attest.es\\\/auditoria-assurance\\\/#\\\/schema\\\/logo\\\/image\\\/\"}}]}<\/script>\n<!-- \/ Yoast SEO Premium plugin. -->","yoast_head_json":{"title":"Financial Advisory - Auditoria & Assurance - PKF Attest","description":"Te ayudamos a que estas decisiones, bien desde el punto de vista de la direcci\u00f3n de la empresa, o bien como accionista de la misma.","robots":{"index":"index","follow":"follow","max-snippet":"max-snippet:-1","max-image-preview":"max-image-preview:large","max-video-preview":"max-video-preview:-1"},"canonical":"https:\/\/www.pkf-attest.es\/auditoria-assurance\/servicios\/financial-advisory\/","og_locale":"es_ES","og_type":"article","og_title":"Servicios - Financial Advisory","og_description":"Te ayudamos a que estas decisiones, bien desde el punto de vista de la direcci\u00f3n de la empresa, o bien como accionista de la misma.","og_url":"https:\/\/www.pkf-attest.es\/auditoria-assurance\/servicios\/financial-advisory\/","og_site_name":"PKF Attest Auditoria &amp; assurance","article_modified_time":"2024-05-27T14:56:43+00:00","og_image":[{"width":776,"height":354,"url":"https:\/\/www.pkf-attest.es\/auditoria-assurance\/wp-content\/uploads\/sites\/4\/2022\/10\/servicio-de-financial-advisory-pkf-attest.webp","type":"image\/webp"}],"twitter_card":"summary_large_image","twitter_misc":{"Tiempo de lectura":"1 minuto"},"schema":{"@context":"https:\/\/schema.org","@graph":[{"@type":"WebPage","@id":"https:\/\/www.pkf-attest.es\/auditoria-assurance\/servicios\/financial-advisory\/","url":"https:\/\/www.pkf-attest.es\/auditoria-assurance\/servicios\/financial-advisory\/","name":"Financial Advisory - Auditoria & Assurance - PKF Attest","isPartOf":{"@id":"https:\/\/www.pkf-attest.es\/auditoria-assurance\/#website"},"primaryImageOfPage":{"@id":"https:\/\/www.pkf-attest.es\/auditoria-assurance\/servicios\/financial-advisory\/#primaryimage"},"image":{"@id":"https:\/\/www.pkf-attest.es\/auditoria-assurance\/servicios\/financial-advisory\/#primaryimage"},"thumbnailUrl":"https:\/\/www.pkf-attest.es\/auditoria-assurance\/wp-content\/uploads\/sites\/4\/2022\/10\/servicio-de-financial-advisory-pkf-attest.webp","datePublished":"2022-07-05T01:24:05+00:00","dateModified":"2024-05-27T14:56:43+00:00","description":"Te ayudamos a que estas decisiones, bien desde el punto de vista de la direcci\u00f3n de la empresa, o bien como accionista de la misma.","breadcrumb":{"@id":"https:\/\/www.pkf-attest.es\/auditoria-assurance\/servicios\/financial-advisory\/#breadcrumb"},"inLanguage":"es","potentialAction":[{"@type":"ReadAction","target":["https:\/\/www.pkf-attest.es\/auditoria-assurance\/servicios\/financial-advisory\/"]}]},{"@type":"ImageObject","inLanguage":"es","@id":"https:\/\/www.pkf-attest.es\/auditoria-assurance\/servicios\/financial-advisory\/#primaryimage","url":"https:\/\/www.pkf-attest.es\/auditoria-assurance\/wp-content\/uploads\/sites\/4\/2022\/10\/servicio-de-financial-advisory-pkf-attest.webp","contentUrl":"https:\/\/www.pkf-attest.es\/auditoria-assurance\/wp-content\/uploads\/sites\/4\/2022\/10\/servicio-de-financial-advisory-pkf-attest.webp","width":776,"height":354,"caption":"servicio de financial advisory pkf attest"},{"@type":"BreadcrumbList","@id":"https:\/\/www.pkf-attest.es\/auditoria-assurance\/servicios\/financial-advisory\/#breadcrumb","itemListElement":[{"@type":"ListItem","position":1,"name":"Inicio","item":"https:\/\/www.pkf-attest.es\/auditoria-assurance\/"},{"@type":"ListItem","position":2,"name":"Servicios","item":"https:\/\/www.pkf-attest.es\/auditoria-assurance\/servicios\/"},{"@type":"ListItem","position":3,"name":"Servicios &#8211; Financial Advisory"}]},{"@type":"WebSite","@id":"https:\/\/www.pkf-attest.es\/auditoria-assurance\/#website","url":"https:\/\/www.pkf-attest.es\/auditoria-assurance\/","name":"PKF Attest Auditoria &amp; assurance","description":"PKF Attest Auditoria &amp; assurance","publisher":{"@id":"https:\/\/www.pkf-attest.es\/auditoria-assurance\/#organization"},"potentialAction":[{"@type":"SearchAction","target":{"@type":"EntryPoint","urlTemplate":"https:\/\/www.pkf-attest.es\/auditoria-assurance\/?s={search_term_string}"},"query-input":{"@type":"PropertyValueSpecification","valueRequired":true,"valueName":"search_term_string"}}],"inLanguage":"es"},{"@type":"Organization","@id":"https:\/\/www.pkf-attest.es\/auditoria-assurance\/#organization","name":"PKF Attest Auditoria &amp; assurance","url":"https:\/\/www.pkf-attest.es\/auditoria-assurance\/","logo":{"@type":"ImageObject","inLanguage":"es","@id":"https:\/\/www.pkf-attest.es\/auditoria-assurance\/#\/schema\/logo\/image\/","url":"https:\/\/www.pkf-attest.es\/auditoria-assurance\/wp-content\/uploads\/sites\/4\/2023\/12\/Logotipo_PKF-Attest-675x675-1.jpg","contentUrl":"https:\/\/www.pkf-attest.es\/auditoria-assurance\/wp-content\/uploads\/sites\/4\/2023\/12\/Logotipo_PKF-Attest-675x675-1.jpg","width":675,"height":675,"caption":"PKF Attest Auditoria &amp; assurance"},"image":{"@id":"https:\/\/www.pkf-attest.es\/auditoria-assurance\/#\/schema\/logo\/image\/"}}]}},"featured_image_src":"https:\/\/www.pkf-attest.es\/auditoria-assurance\/wp-content\/uploads\/sites\/4\/2022\/10\/servicio-de-financial-advisory-pkf-attest-600x354.webp","featured_image_src_square":"https:\/\/www.pkf-attest.es\/auditoria-assurance\/wp-content\/uploads\/sites\/4\/2022\/10\/servicio-de-financial-advisory-pkf-attest-600x354.webp","_links":{"self":[{"href":"https:\/\/www.pkf-attest.es\/auditoria-assurance\/wp-json\/wp\/v2\/pages\/190","targetHints":{"allow":["GET"]}}],"collection":[{"href":"https:\/\/www.pkf-attest.es\/auditoria-assurance\/wp-json\/wp\/v2\/pages"}],"about":[{"href":"https:\/\/www.pkf-attest.es\/auditoria-assurance\/wp-json\/wp\/v2\/types\/page"}],"author":[{"embeddable":true,"href":"https:\/\/www.pkf-attest.es\/auditoria-assurance\/wp-json\/wp\/v2\/users\/10"}],"replies":[{"embeddable":true,"href":"https:\/\/www.pkf-attest.es\/auditoria-assurance\/wp-json\/wp\/v2\/comments?post=190"}],"version-history":[{"count":48,"href":"https:\/\/www.pkf-attest.es\/auditoria-assurance\/wp-json\/wp\/v2\/pages\/190\/revisions"}],"predecessor-version":[{"id":1278,"href":"https:\/\/www.pkf-attest.es\/auditoria-assurance\/wp-json\/wp\/v2\/pages\/190\/revisions\/1278"}],"up":[{"embeddable":true,"href":"https:\/\/www.pkf-attest.es\/auditoria-assurance\/wp-json\/wp\/v2\/pages\/37"}],"wp:featuredmedia":[{"embeddable":true,"href":"https:\/\/www.pkf-attest.es\/auditoria-assurance\/wp-json\/wp\/v2\/media\/938"}],"wp:attachment":[{"href":"https:\/\/www.pkf-attest.es\/auditoria-assurance\/wp-json\/wp\/v2\/media?parent=190"}],"curies":[{"name":"wp","href":"https:\/\/api.w.org\/{rel}","templated":true}]}}