{"id":47,"date":"2022-07-04T11:31:36","date_gmt":"2022-07-04T11:31:36","guid":{"rendered":"https:\/\/www.pkf-attest.es\/auditoria-assurance\/?page_id=47"},"modified":"2024-05-27T14:52:54","modified_gmt":"2024-05-27T14:52:54","slug":"auditoria","status":"publish","type":"page","link":"https:\/\/www.pkf-attest.es\/auditoria-assurance\/servicios\/auditoria\/","title":{"rendered":"Auditor\u00eda"},"content":{"rendered":"\n<div style=\"background-color:#0b0b0b;padding-left:5%;padding-right:5%;padding-bottom:8%;padding-top:9%\" class=\"wp-block-genesis-blocks-gb-container gb-layout-hero-1 gb-block-container alignfull\"><div class=\"gb-container-inside\"><div class=\"gb-container-image-wrap\"><img decoding=\"async\" class=\"gb-container-image has-background-dim\" object-fit=\"cover\"  src=\"https:\/\/www.pkf-attest.es\/auditoria-assurance\/wp-content\/uploads\/sites\/4\/2022\/07\/auditoria-y-verificacion.jpg\" alt=\"auditoria-y-verificacion\"\/><\/div><div class=\"gb-container-content\" style=\"max-width:850px\">\n<h2 class=\"wp-block-heading has-text-align-center gb-white-text has-text-color has-link-color wp-elements-32d16496023b0db94f9e53c2319d0c4c\" id=\"h-auditoria-0\" style=\"color:#ffffff;font-size:50px\">Auditor\u00eda<\/h2>\n<\/div><\/div><\/div>\n\n\n\n<div style=\"height:30px\" aria-hidden=\"true\" class=\"wp-block-spacer\"><\/div>\n\n\n\n<div class=\"wp-block-genesis-blocks-gb-columns gb-layout-columns-2 gb-2-col-wideleft gb-columns-center\" style=\"padding-right:20px;padding-left:20px\"><div class=\"gb-layout-column-wrap gb-block-layout-column-gap-3 gb-is-responsive-column\" style=\"max-width:1280px\">\n<div class=\"wp-block-genesis-blocks-gb-column gb-block-layout-column\"><div class=\"gb-block-layout-column-inner\">\n<h2 class=\"wp-block-heading has-text-color\" id=\"h-auditoria\" style=\"color:#00b5e5\">Auditor\u00eda<\/h2>\n\n\n\n<p>Nuestro servicio combina la experiencia de las personas con la tecnolog\u00eda, ofreciendo un servicio con los mayores est\u00e1ndares de calidad y transparencia, con el fin de aportarle una visi\u00f3n global a los grupos de inter\u00e9s que refuerce su confianza en la compa\u00f1\u00eda y les ayude en la toma de decisiones.<\/p>\n\n\n\n<div style=\"height:10px\" aria-hidden=\"true\" class=\"wp-block-spacer\"><\/div>\n\n\n\n<div class=\"wp-block-genesis-blocks-gb-columns gb-layout-columns-2 gb-2-col-equal\"><div class=\"gb-layout-column-wrap gb-block-layout-column-gap-3 gb-is-responsive-column\">\n<div class=\"wp-block-genesis-blocks-gb-column gb-block-layout-column\"><div class=\"gb-block-layout-column-inner\">\n<figure class=\"\">\n<div class=\"icon-text\">\n<img decoding=\"async\" class=\"\" src=\"https:\/\/www.pkf-attest.es\/auditoria-assurance\/wp-content\/uploads\/sites\/4\/2022\/07\/Auditoria.png\" alt=\"\">\n<span class=\"\"><a style=\"color:#00b5e5;\" href=\"https:\/\/www.pkf-attest.es\/auditoria-assurance\/auditoria\/auditoria-y-verificacion\/\" target=\"\">Auditor\u00eda y verificaci\u00f3n<\/a><\/span>\n<\/div>\n<\/figure>\n<\/div><\/div>\n\n\n\n<div class=\"wp-block-genesis-blocks-gb-column gb-block-layout-column\"><div class=\"gb-block-layout-column-inner\">\n<figure class=\"\">\n<div class=\"icon-text\">\n<img decoding=\"async\" class=\"\" src=\"https:\/\/www.pkf-attest.es\/auditoria-assurance\/wp-content\/uploads\/sites\/4\/2022\/07\/Mesa-de-trabajo-1-copia-27.png\" alt=\"\">\n<span class=\"\"><a style=\"color:#00b5e5;\" href=\"https:\/\/www.pkf-attest.es\/auditoria-assurance\/auditoria\/auditoria-de-ti\/\" target=\"\">Auditor\u00eda de TI<\/a><\/span>\n<\/div>\n<\/figure>\n<\/div><\/div>\n<\/div><\/div>\n\n\n\n<div style=\"height:40px\" aria-hidden=\"true\" class=\"wp-block-spacer\"><\/div>\n\n\n<section id=\"\" class=\"bannerinterior-izda\">\n    <div class=\"container-left\">\n        <div class=\"content-left\">\n            <div class=\"content-left-color\" style=\"zoom: 1;\">\n                                    <h2 class=\"title-left\" style=\"color:#ffffff\">Nuestra propuesta de valor<\/h2>\n                                                    <p class=\"text-left\" style=\"color:#ffffff\">A la hora de valorar una empresa es fundamental entender qu\u00e9 objetivo de valoraci\u00f3n existe y en consecuencia aplicaremos el m\u00e9todo m\u00e1s adecuado para cada caso.<\/p>\n                                            <\/div>\n        <\/div>\n        <div class=\"container-left-bg\" style=\"background-color:#00b5e5\"><\/div>\n    <\/div>\n    <div class=\"container-right-img\" style=\"background-image: url(https:\/\/www.pkf-attest.es\/auditoria-assurance\/wp-content\/uploads\/sites\/4\/2022\/07\/pkf-attest-valor-anadido2.jpg);\"><\/div>\n<\/section><\/div><\/div>\n\n\n\n<div class=\"wp-block-genesis-blocks-gb-column gb-block-layout-column\"><div class=\"gb-block-layout-column-inner\"><div class=\"yoast-breadcrumbs\"><span><span><a href=\"https:\/\/www.pkf-attest.es\/auditoria-assurance\/\">Inicio<\/a><\/span> \u00bb <span><a href=\"https:\/\/www.pkf-attest.es\/auditoria-assurance\/servicios\/\">Servicios<\/a><\/span> \u00bb <span class=\"breadcrumb_last\" aria-current=\"page\">Auditor\u00eda<\/span><\/span><\/div>\n\n\n<div style=\"height:30px\" aria-hidden=\"true\" class=\"wp-block-spacer\"><\/div>\n\n\n\r\n<div class=\"bd-content menuSidebar\">\r\n\t<div class=\"wp-block-genesis-blocks-gb-accordion gb-slate-accordion gb-block-accordion\">\r\n\t\t<details open=\"\">\r\n\t\t\t<summary class=\"gb-accordion-title\">Auditor\u00eda &amp; assurance<\/summary>\r\n\t\t\t<div class=\"gb-accordion-text\">\r\n\t\t\t\t<ul id=\"accordion\">\r\n\t\t\t\t\t<li class=\"estaActivo\" style=\"color:;\"><p><a href=\"https:\/\/www.pkf-attest.es\/auditoria-assurance\/auditoria\/\">Auditor&iacute;a<\/a><\/p><\/li><li class=\"noEstaActivo\" style=\"color:;\"><p style=\"padding-left: 40px\"><a href=\"https:\/\/www.pkf-attest.es\/auditoria-assurance\/auditoria\/auditoria-y-verificacion\/\">Auditor&iacute;a y verificaci&oacute;n<\/a><\/p><\/li><li class=\"noEstaActivo\" style=\"color:;\"><p style=\"padding-left: 40px\"><a href=\"https:\/\/www.pkf-attest.es\/auditoria-assurance\/auditoria\/auditoria-de-ti\/\">Auditor&iacute;a de TI<\/a><\/p><\/li><li class=\"noEstaActivo\" style=\"color:;\"><p><a href=\"https:\/\/www.pkf-attest.es\/auditoria-assurance\/financial-advisory\/\">Financial Advisory<\/a><\/p><\/li><li class=\"noEstaActivo\" style=\"color:;\"><p><a href=\"https:\/\/www.pkf-attest.es\/auditoria-assurance\/servicios\/gobierno-riesgo-y-cumplimiento-grc\/\">Gobierno, riesgo y cumplimiento<\/a><\/p><\/li><li class=\"noEstaActivo\" style=\"color:;\"><p><a href=\"https:\/\/www.pkf-attest.es\/auditoria-assurance\/forensic\/\">Forensic<\/a><\/p><\/li>\t\t\t\t<\/ul>\r\n\t\t\t<\/div>\r\n\t\t<\/details>\r\n\t<\/div>\r\n<\/div>\n\n\n<div style=\"height:30px\" aria-hidden=\"true\" class=\"wp-block-spacer\"><\/div>\n\n\n\n<figure class=\"blockbuttom\">\n<div class=\"\">\n\t<a class=\"button\" style=\"color:#202945; background-color:#00b5e5; border-color:#00b5e5;\" href=\"https:\/\/www.pkf-attest.es\/formulario-de-quejas-y-reclamaciones\/\" target=\"_blank\">Formulario de quejas y denuncias<\/a>\n<\/div>\n<\/figure>\n\n\n\n<figure class=\"blockbuttom\">\n<div class=\"\">\n\t<a class=\"button\" style=\"color:#202945; background-color:#00b5e5; border-color:#00b5e5;\" href=\"https:\/\/www.pkf-attest.es\/informes-de-transparencia-auditoria\/\" target=\"_blank\">Informes de transparencia<\/a>\n<\/div>\n<\/figure>\n\n\n\n<div style=\"height:30px\" aria-hidden=\"true\" class=\"wp-block-spacer\"><\/div>\n<\/div><\/div>\n<\/div><\/div>\n\n\n\n<div style=\"height:30px\" aria-hidden=\"true\" class=\"wp-block-spacer\"><\/div>\n\n\n\n<div style=\"height:30px\" aria-hidden=\"true\" class=\"wp-block-spacer\"><\/div>\n\n\n\n<div class=\"wp-block-genesis-blocks-gb-columns gb-layout-columns-1 gb-1-col-equal gb-has-custom-background-color gb-columns-center\" style=\"padding-top:50px;padding-right:40px;padding-bottom:40px;padding-left:40px;background-color:#0f1c33\"><div class=\"gb-layout-column-wrap gb-block-layout-column-gap-2 gb-is-responsive-column\" style=\"max-width:1200px\">\n<div class=\"wp-block-genesis-blocks-gb-column gb-block-layout-column gb-is-vertically-aligned-center\"><div class=\"gb-block-layout-column-inner\">\n<h2 class=\"wp-block-heading has-text-align-center has-white-color has-text-color\" id=\"h-contacta-con-nosotros\">Contacta con nosotros<\/h2>\n\n\n\n<p class=\"has-text-align-center has-white-color has-text-color\" style=\"font-size:16px\">Env\u00edanos tu consulta y nuestro equipo de expertos te atender\u00e1 a la mayor brevedad posible<\/p>\n\n\n\n<div class=\"wp-block-genesis-blocks-gb-columns gb-layout-columns-5 gb-5-col-equal gb-columns-center\"><div class=\"gb-layout-column-wrap gb-block-layout-column-gap-0 gb-is-responsive-column\" style=\"max-width:1200px\">\n<div class=\"wp-block-genesis-blocks-gb-column gb-block-layout-column\"><div class=\"gb-block-layout-column-inner\">\n<p><\/p>\n<\/div><\/div>\n\n\n\n<div class=\"wp-block-genesis-blocks-gb-column gb-block-layout-column\"><div class=\"gb-block-layout-column-inner\">\n<p><\/p>\n<\/div><\/div>\n\n\n\n<div class=\"wp-block-genesis-blocks-gb-column gb-block-layout-column\"><div class=\"gb-block-layout-column-inner\">\n<figure class=\"blockbuttom\">\n<div class=\"\">\n\t<a class=\"button\" style=\"color:#202945; background-color:#00b5e5; border-color:#00b5e5;\" href=\"https:\/\/www.pkf-attest.es\/auditoria-assurance\/inicio\/contacto\/\" target=\"_blank\">Contacta<\/a>\n<\/div>\n<\/figure>\n<\/div><\/div>\n\n\n\n<div class=\"wp-block-genesis-blocks-gb-column gb-block-layout-column\"><div class=\"gb-block-layout-column-inner\">\n<p><\/p>\n<\/div><\/div>\n\n\n\n<div class=\"wp-block-genesis-blocks-gb-column gb-block-layout-column\"><div class=\"gb-block-layout-column-inner\">\n<p><\/p>\n<\/div><\/div>\n<\/div><\/div>\n<\/div><\/div>\n<\/div><\/div>\n","protected":false},"excerpt":{"rendered":"","protected":false},"author":11,"featured_media":43,"parent":37,"menu_order":0,"comment_status":"closed","ping_status":"closed","template":"page-templates\/page-attest-ase-servicios.php","meta":{"_acf_changed":false,"_genesis_hide_title":false,"_genesis_hide_breadcrumbs":false,"_genesis_hide_singular_image":false,"_genesis_hide_footer_widgets":false,"_genesis_custom_body_class":"","_genesis_custom_post_class":"","_genesis_layout":"","footnotes":""},"class_list":{"0":"post-47","1":"page","2":"type-page","3":"status-publish","4":"has-post-thumbnail","6":"entry"},"acf":[],"yoast_head":"<!-- This site is optimized with the Yoast SEO Premium plugin v27.3 (Yoast SEO v27.3) - https:\/\/yoast.com\/product\/yoast-seo-premium-wordpress\/ -->\n<title>Auditor\u00eda - PKF Attest Auditoria &amp; assurance<\/title>\n<meta name=\"description\" content=\"Expertos en asesoramiento y gesti\u00f3n de procesos de auditor\u00eda &amp; assurance. Contamos con m\u00e1s de 30 a\u00f1os de experiencia.\" \/>\n<meta name=\"robots\" content=\"index, follow, max-snippet:-1, max-image-preview:large, max-video-preview:-1\" \/>\n<link rel=\"canonical\" href=\"https:\/\/www.pkf-attest.es\/auditoria-assurance\/servicios\/auditoria\/\" \/>\n<meta property=\"og:locale\" content=\"es_ES\" \/>\n<meta property=\"og:type\" content=\"article\" \/>\n<meta property=\"og:title\" content=\"Auditor\u00eda\" \/>\n<meta property=\"og:description\" content=\"Expertos en asesoramiento y gesti\u00f3n de procesos de auditor\u00eda &amp; assurance. Contamos con m\u00e1s de 30 a\u00f1os de experiencia.\" \/>\n<meta property=\"og:url\" content=\"https:\/\/www.pkf-attest.es\/auditoria-assurance\/servicios\/auditoria\/\" \/>\n<meta property=\"og:site_name\" content=\"PKF Attest Auditoria &amp; assurance\" \/>\n<meta property=\"article:modified_time\" content=\"2024-05-27T14:52:54+00:00\" \/>\n<meta property=\"og:image\" content=\"https:\/\/www.pkf-attest.es\/auditoria-assurance\/wp-content\/uploads\/sites\/4\/2022\/07\/auditoria-y-verificacion.jpg\" \/>\n\t<meta property=\"og:image:width\" content=\"2400\" \/>\n\t<meta property=\"og:image:height\" content=\"1600\" \/>\n\t<meta property=\"og:image:type\" content=\"image\/jpeg\" \/>\n<meta name=\"twitter:card\" content=\"summary_large_image\" \/>\n<meta name=\"twitter:label1\" content=\"Tiempo de lectura\" \/>\n\t<meta name=\"twitter:data1\" content=\"1 minuto\" \/>\n<script type=\"application\/ld+json\" class=\"yoast-schema-graph\">{\"@context\":\"https:\\\/\\\/schema.org\",\"@graph\":[{\"@type\":\"WebPage\",\"@id\":\"https:\\\/\\\/www.pkf-attest.es\\\/auditoria-assurance\\\/servicios\\\/auditoria\\\/\",\"url\":\"https:\\\/\\\/www.pkf-attest.es\\\/auditoria-assurance\\\/servicios\\\/auditoria\\\/\",\"name\":\"Auditor\u00eda - PKF Attest Auditoria &amp; assurance\",\"isPartOf\":{\"@id\":\"https:\\\/\\\/www.pkf-attest.es\\\/auditoria-assurance\\\/#website\"},\"primaryImageOfPage\":{\"@id\":\"https:\\\/\\\/www.pkf-attest.es\\\/auditoria-assurance\\\/servicios\\\/auditoria\\\/#primaryimage\"},\"image\":{\"@id\":\"https:\\\/\\\/www.pkf-attest.es\\\/auditoria-assurance\\\/servicios\\\/auditoria\\\/#primaryimage\"},\"thumbnailUrl\":\"https:\\\/\\\/www.pkf-attest.es\\\/auditoria-assurance\\\/wp-content\\\/uploads\\\/sites\\\/4\\\/2022\\\/07\\\/auditoria-y-verificacion.jpg\",\"datePublished\":\"2022-07-04T11:31:36+00:00\",\"dateModified\":\"2024-05-27T14:52:54+00:00\",\"description\":\"Expertos en asesoramiento y gesti\u00f3n de procesos de auditor\u00eda & assurance. Contamos con m\u00e1s de 30 a\u00f1os de experiencia.\",\"breadcrumb\":{\"@id\":\"https:\\\/\\\/www.pkf-attest.es\\\/auditoria-assurance\\\/servicios\\\/auditoria\\\/#breadcrumb\"},\"inLanguage\":\"es\",\"potentialAction\":[{\"@type\":\"ReadAction\",\"target\":[\"https:\\\/\\\/www.pkf-attest.es\\\/auditoria-assurance\\\/servicios\\\/auditoria\\\/\"]}]},{\"@type\":\"ImageObject\",\"inLanguage\":\"es\",\"@id\":\"https:\\\/\\\/www.pkf-attest.es\\\/auditoria-assurance\\\/servicios\\\/auditoria\\\/#primaryimage\",\"url\":\"https:\\\/\\\/www.pkf-attest.es\\\/auditoria-assurance\\\/wp-content\\\/uploads\\\/sites\\\/4\\\/2022\\\/07\\\/auditoria-y-verificacion.jpg\",\"contentUrl\":\"https:\\\/\\\/www.pkf-attest.es\\\/auditoria-assurance\\\/wp-content\\\/uploads\\\/sites\\\/4\\\/2022\\\/07\\\/auditoria-y-verificacion.jpg\",\"width\":2400,\"height\":1600,\"caption\":\"auditoria-y-verificacion\"},{\"@type\":\"BreadcrumbList\",\"@id\":\"https:\\\/\\\/www.pkf-attest.es\\\/auditoria-assurance\\\/servicios\\\/auditoria\\\/#breadcrumb\",\"itemListElement\":[{\"@type\":\"ListItem\",\"position\":1,\"name\":\"Inicio\",\"item\":\"https:\\\/\\\/www.pkf-attest.es\\\/auditoria-assurance\\\/\"},{\"@type\":\"ListItem\",\"position\":2,\"name\":\"Servicios\",\"item\":\"https:\\\/\\\/www.pkf-attest.es\\\/auditoria-assurance\\\/servicios\\\/\"},{\"@type\":\"ListItem\",\"position\":3,\"name\":\"Auditor\u00eda\"}]},{\"@type\":\"WebSite\",\"@id\":\"https:\\\/\\\/www.pkf-attest.es\\\/auditoria-assurance\\\/#website\",\"url\":\"https:\\\/\\\/www.pkf-attest.es\\\/auditoria-assurance\\\/\",\"name\":\"PKF Attest Auditoria &amp; assurance\",\"description\":\"PKF Attest Auditoria &amp; assurance\",\"publisher\":{\"@id\":\"https:\\\/\\\/www.pkf-attest.es\\\/auditoria-assurance\\\/#organization\"},\"potentialAction\":[{\"@type\":\"SearchAction\",\"target\":{\"@type\":\"EntryPoint\",\"urlTemplate\":\"https:\\\/\\\/www.pkf-attest.es\\\/auditoria-assurance\\\/?s={search_term_string}\"},\"query-input\":{\"@type\":\"PropertyValueSpecification\",\"valueRequired\":true,\"valueName\":\"search_term_string\"}}],\"inLanguage\":\"es\"},{\"@type\":\"Organization\",\"@id\":\"https:\\\/\\\/www.pkf-attest.es\\\/auditoria-assurance\\\/#organization\",\"name\":\"PKF Attest Auditoria &amp; assurance\",\"url\":\"https:\\\/\\\/www.pkf-attest.es\\\/auditoria-assurance\\\/\",\"logo\":{\"@type\":\"ImageObject\",\"inLanguage\":\"es\",\"@id\":\"https:\\\/\\\/www.pkf-attest.es\\\/auditoria-assurance\\\/#\\\/schema\\\/logo\\\/image\\\/\",\"url\":\"https:\\\/\\\/www.pkf-attest.es\\\/auditoria-assurance\\\/wp-content\\\/uploads\\\/sites\\\/4\\\/2023\\\/12\\\/Logotipo_PKF-Attest-675x675-1.jpg\",\"contentUrl\":\"https:\\\/\\\/www.pkf-attest.es\\\/auditoria-assurance\\\/wp-content\\\/uploads\\\/sites\\\/4\\\/2023\\\/12\\\/Logotipo_PKF-Attest-675x675-1.jpg\",\"width\":675,\"height\":675,\"caption\":\"PKF Attest Auditoria &amp; assurance\"},\"image\":{\"@id\":\"https:\\\/\\\/www.pkf-attest.es\\\/auditoria-assurance\\\/#\\\/schema\\\/logo\\\/image\\\/\"}}]}<\/script>\n<!-- \/ Yoast SEO Premium plugin. -->","yoast_head_json":{"title":"Auditor\u00eda - PKF Attest Auditoria &amp; assurance","description":"Expertos en asesoramiento y gesti\u00f3n de procesos de auditor\u00eda & assurance. Contamos con m\u00e1s de 30 a\u00f1os de experiencia.","robots":{"index":"index","follow":"follow","max-snippet":"max-snippet:-1","max-image-preview":"max-image-preview:large","max-video-preview":"max-video-preview:-1"},"canonical":"https:\/\/www.pkf-attest.es\/auditoria-assurance\/servicios\/auditoria\/","og_locale":"es_ES","og_type":"article","og_title":"Auditor\u00eda","og_description":"Expertos en asesoramiento y gesti\u00f3n de procesos de auditor\u00eda & assurance. Contamos con m\u00e1s de 30 a\u00f1os de experiencia.","og_url":"https:\/\/www.pkf-attest.es\/auditoria-assurance\/servicios\/auditoria\/","og_site_name":"PKF Attest Auditoria &amp; assurance","article_modified_time":"2024-05-27T14:52:54+00:00","og_image":[{"width":2400,"height":1600,"url":"https:\/\/www.pkf-attest.es\/auditoria-assurance\/wp-content\/uploads\/sites\/4\/2022\/07\/auditoria-y-verificacion.jpg","type":"image\/jpeg"}],"twitter_card":"summary_large_image","twitter_misc":{"Tiempo de lectura":"1 minuto"},"schema":{"@context":"https:\/\/schema.org","@graph":[{"@type":"WebPage","@id":"https:\/\/www.pkf-attest.es\/auditoria-assurance\/servicios\/auditoria\/","url":"https:\/\/www.pkf-attest.es\/auditoria-assurance\/servicios\/auditoria\/","name":"Auditor\u00eda - PKF Attest Auditoria &amp; assurance","isPartOf":{"@id":"https:\/\/www.pkf-attest.es\/auditoria-assurance\/#website"},"primaryImageOfPage":{"@id":"https:\/\/www.pkf-attest.es\/auditoria-assurance\/servicios\/auditoria\/#primaryimage"},"image":{"@id":"https:\/\/www.pkf-attest.es\/auditoria-assurance\/servicios\/auditoria\/#primaryimage"},"thumbnailUrl":"https:\/\/www.pkf-attest.es\/auditoria-assurance\/wp-content\/uploads\/sites\/4\/2022\/07\/auditoria-y-verificacion.jpg","datePublished":"2022-07-04T11:31:36+00:00","dateModified":"2024-05-27T14:52:54+00:00","description":"Expertos en asesoramiento y gesti\u00f3n de procesos de auditor\u00eda & assurance. Contamos con m\u00e1s de 30 a\u00f1os de experiencia.","breadcrumb":{"@id":"https:\/\/www.pkf-attest.es\/auditoria-assurance\/servicios\/auditoria\/#breadcrumb"},"inLanguage":"es","potentialAction":[{"@type":"ReadAction","target":["https:\/\/www.pkf-attest.es\/auditoria-assurance\/servicios\/auditoria\/"]}]},{"@type":"ImageObject","inLanguage":"es","@id":"https:\/\/www.pkf-attest.es\/auditoria-assurance\/servicios\/auditoria\/#primaryimage","url":"https:\/\/www.pkf-attest.es\/auditoria-assurance\/wp-content\/uploads\/sites\/4\/2022\/07\/auditoria-y-verificacion.jpg","contentUrl":"https:\/\/www.pkf-attest.es\/auditoria-assurance\/wp-content\/uploads\/sites\/4\/2022\/07\/auditoria-y-verificacion.jpg","width":2400,"height":1600,"caption":"auditoria-y-verificacion"},{"@type":"BreadcrumbList","@id":"https:\/\/www.pkf-attest.es\/auditoria-assurance\/servicios\/auditoria\/#breadcrumb","itemListElement":[{"@type":"ListItem","position":1,"name":"Inicio","item":"https:\/\/www.pkf-attest.es\/auditoria-assurance\/"},{"@type":"ListItem","position":2,"name":"Servicios","item":"https:\/\/www.pkf-attest.es\/auditoria-assurance\/servicios\/"},{"@type":"ListItem","position":3,"name":"Auditor\u00eda"}]},{"@type":"WebSite","@id":"https:\/\/www.pkf-attest.es\/auditoria-assurance\/#website","url":"https:\/\/www.pkf-attest.es\/auditoria-assurance\/","name":"PKF Attest Auditoria &amp; assurance","description":"PKF Attest Auditoria &amp; assurance","publisher":{"@id":"https:\/\/www.pkf-attest.es\/auditoria-assurance\/#organization"},"potentialAction":[{"@type":"SearchAction","target":{"@type":"EntryPoint","urlTemplate":"https:\/\/www.pkf-attest.es\/auditoria-assurance\/?s={search_term_string}"},"query-input":{"@type":"PropertyValueSpecification","valueRequired":true,"valueName":"search_term_string"}}],"inLanguage":"es"},{"@type":"Organization","@id":"https:\/\/www.pkf-attest.es\/auditoria-assurance\/#organization","name":"PKF Attest Auditoria &amp; assurance","url":"https:\/\/www.pkf-attest.es\/auditoria-assurance\/","logo":{"@type":"ImageObject","inLanguage":"es","@id":"https:\/\/www.pkf-attest.es\/auditoria-assurance\/#\/schema\/logo\/image\/","url":"https:\/\/www.pkf-attest.es\/auditoria-assurance\/wp-content\/uploads\/sites\/4\/2023\/12\/Logotipo_PKF-Attest-675x675-1.jpg","contentUrl":"https:\/\/www.pkf-attest.es\/auditoria-assurance\/wp-content\/uploads\/sites\/4\/2023\/12\/Logotipo_PKF-Attest-675x675-1.jpg","width":675,"height":675,"caption":"PKF Attest Auditoria &amp; assurance"},"image":{"@id":"https:\/\/www.pkf-attest.es\/auditoria-assurance\/#\/schema\/logo\/image\/"}}]}},"featured_image_src":"https:\/\/www.pkf-attest.es\/auditoria-assurance\/wp-content\/uploads\/sites\/4\/2022\/07\/auditoria-y-verificacion-600x400.jpg","featured_image_src_square":"https:\/\/www.pkf-attest.es\/auditoria-assurance\/wp-content\/uploads\/sites\/4\/2022\/07\/auditoria-y-verificacion-600x600.jpg","_links":{"self":[{"href":"https:\/\/www.pkf-attest.es\/auditoria-assurance\/wp-json\/wp\/v2\/pages\/47","targetHints":{"allow":["GET"]}}],"collection":[{"href":"https:\/\/www.pkf-attest.es\/auditoria-assurance\/wp-json\/wp\/v2\/pages"}],"about":[{"href":"https:\/\/www.pkf-attest.es\/auditoria-assurance\/wp-json\/wp\/v2\/types\/page"}],"author":[{"embeddable":true,"href":"https:\/\/www.pkf-attest.es\/auditoria-assurance\/wp-json\/wp\/v2\/users\/11"}],"replies":[{"embeddable":true,"href":"https:\/\/www.pkf-attest.es\/auditoria-assurance\/wp-json\/wp\/v2\/comments?post=47"}],"version-history":[{"count":35,"href":"https:\/\/www.pkf-attest.es\/auditoria-assurance\/wp-json\/wp\/v2\/pages\/47\/revisions"}],"predecessor-version":[{"id":1274,"href":"https:\/\/www.pkf-attest.es\/auditoria-assurance\/wp-json\/wp\/v2\/pages\/47\/revisions\/1274"}],"up":[{"embeddable":true,"href":"https:\/\/www.pkf-attest.es\/auditoria-assurance\/wp-json\/wp\/v2\/pages\/37"}],"wp:featuredmedia":[{"embeddable":true,"href":"https:\/\/www.pkf-attest.es\/auditoria-assurance\/wp-json\/wp\/v2\/media\/43"}],"wp:attachment":[{"href":"https:\/\/www.pkf-attest.es\/auditoria-assurance\/wp-json\/wp\/v2\/media?parent=47"}],"curies":[{"name":"wp","href":"https:\/\/api.w.org\/{rel}","templated":true}]}}